{"id":8,"date":"2023-09-05T21:33:28","date_gmt":"2023-09-05T19:33:28","guid":{"rendered":"https:\/\/rympacking.com\/?page_id=8"},"modified":"2024-08-08T21:35:58","modified_gmt":"2024-08-08T19:35:58","slug":"hermosos-portafolios-para-creativos-excepcionales","status":"publish","type":"page","link":"https:\/\/rympacking.com\/","title":{"rendered":"Fabricamos y Distribuimos Productos de Embalaje de Alta Calidad para diferentes sectores productivos, (Alimentos, Aseo, Cafeter\u00eda y Papeler\u00eda)\u00a0"},"content":{"rendered":"<!-- Google tag (gtag.js) -->\n<script async src=\"https:\/\/www.googletagmanager.com\/gtag\/js?id=AW-16626304657\">\n<\/script>\n<script>\n  window.dataLayer = window.dataLayer || [];\n  function gtag(){dataLayer.push(arguments);}\n  gtag('js', new Date());\n\n  gtag('config', 'AW-16626304657');\n<\/script>\n\n\n<p class=\"has-text-align-center\">&nbsp;Usamos productos biodegradables(contenedores, cubiertos, vasos, entre otros).&nbsp;<\/p>\n\n\n\n<h2 class=\"wp-block-heading alignwide has-text-align-center\"><strong>3152318303 (WhatsApp) &#8211; 60 1 6429587    <a href=\"mailto:rympacking03@gmail.com\">rympacking03@gmail.com<\/a><\/strong><\/h2>\n\n\n\n<ul class=\"wp-block-social-links is-content-justification-center is-layout-flex wp-container-core-social-links-is-layout-1 wp-block-social-links-is-layout-flex\"><li class=\"wp-social-link wp-social-link-facebook  wp-block-social-link\"><a href=\"https:\/\/www.facebook.com\/people\/RYM-Packing\/61551356626169\/\" class=\"wp-block-social-link-anchor\"><svg width=\"24\" height=\"24\" viewBox=\"0 0 24 24\" version=\"1.1\" xmlns=\"http:\/\/www.w3.org\/2000\/svg\" aria-hidden=\"true\" focusable=\"false\"><path d=\"M12 2C6.5 2 2 6.5 2 12c0 5 3.7 9.1 8.4 9.9v-7H7.9V12h2.5V9.8c0-2.5 1.5-3.9 3.8-3.9 1.1 0 2.2.2 2.2.2v2.5h-1.3c-1.2 0-1.6.8-1.6 1.6V12h2.8l-.4 2.9h-2.3v7C18.3 21.1 22 17 22 12c0-5.5-4.5-10-10-10z\"><\/path><\/svg><span class=\"wp-block-social-link-label screen-reader-text\">Facebook<\/span><\/a><\/li>\n\n<li class=\"wp-social-link wp-social-link-instagram  wp-block-social-link\"><a href=\"https:\/\/www.instagram.com\/rympacking\/?hl=es-la\" class=\"wp-block-social-link-anchor\"><svg width=\"24\" height=\"24\" viewBox=\"0 0 24 24\" version=\"1.1\" xmlns=\"http:\/\/www.w3.org\/2000\/svg\" aria-hidden=\"true\" focusable=\"false\"><path d=\"M12,4.622c2.403,0,2.688,0.009,3.637,0.052c0.877,0.04,1.354,0.187,1.671,0.31c0.42,0.163,0.72,0.358,1.035,0.673 c0.315,0.315,0.51,0.615,0.673,1.035c0.123,0.317,0.27,0.794,0.31,1.671c0.043,0.949,0.052,1.234,0.052,3.637 s-0.009,2.688-0.052,3.637c-0.04,0.877-0.187,1.354-0.31,1.671c-0.163,0.42-0.358,0.72-0.673,1.035 c-0.315,0.315-0.615,0.51-1.035,0.673c-0.317,0.123-0.794,0.27-1.671,0.31c-0.949,0.043-1.233,0.052-3.637,0.052 s-2.688-0.009-3.637-0.052c-0.877-0.04-1.354-0.187-1.671-0.31c-0.42-0.163-0.72-0.358-1.035-0.673 c-0.315-0.315-0.51-0.615-0.673-1.035c-0.123-0.317-0.27-0.794-0.31-1.671C4.631,14.688,4.622,14.403,4.622,12 s0.009-2.688,0.052-3.637c0.04-0.877,0.187-1.354,0.31-1.671c0.163-0.42,0.358-0.72,0.673-1.035 c0.315-0.315,0.615-0.51,1.035-0.673c0.317-0.123,0.794-0.27,1.671-0.31C9.312,4.631,9.597,4.622,12,4.622 M12,3 C9.556,3,9.249,3.01,8.289,3.054C7.331,3.098,6.677,3.25,6.105,3.472C5.513,3.702,5.011,4.01,4.511,4.511 c-0.5,0.5-0.808,1.002-1.038,1.594C3.25,6.677,3.098,7.331,3.054,8.289C3.01,9.249,3,9.556,3,12c0,2.444,0.01,2.751,0.054,3.711 c0.044,0.958,0.196,1.612,0.418,2.185c0.23,0.592,0.538,1.094,1.038,1.594c0.5,0.5,1.002,0.808,1.594,1.038 c0.572,0.222,1.227,0.375,2.185,0.418C9.249,20.99,9.556,21,12,21s2.751-0.01,3.711-0.054c0.958-0.044,1.612-0.196,2.185-0.418 c0.592-0.23,1.094-0.538,1.594-1.038c0.5-0.5,0.808-1.002,1.038-1.594c0.222-0.572,0.375-1.227,0.418-2.185 C20.99,14.751,21,14.444,21,12s-0.01-2.751-0.054-3.711c-0.044-0.958-0.196-1.612-0.418-2.185c-0.23-0.592-0.538-1.094-1.038-1.594 c-0.5-0.5-1.002-0.808-1.594-1.038c-0.572-0.222-1.227-0.375-2.185-0.418C14.751,3.01,14.444,3,12,3L12,3z M12,7.378 c-2.552,0-4.622,2.069-4.622,4.622S9.448,16.622,12,16.622s4.622-2.069,4.622-4.622S14.552,7.378,12,7.378z M12,15 c-1.657,0-3-1.343-3-3s1.343-3,3-3s3,1.343,3,3S13.657,15,12,15z M16.804,6.116c-0.596,0-1.08,0.484-1.08,1.08 s0.484,1.08,1.08,1.08c0.596,0,1.08-0.484,1.08-1.08S17.401,6.116,16.804,6.116z\"><\/path><\/svg><span class=\"wp-block-social-link-label screen-reader-text\">Instagram<\/span><\/a><\/li>\n\n<li class=\"wp-social-link wp-social-link-mail  wp-block-social-link\"><a href=\"mailto:r&#121;&#109;&#112;&#097;c&#107;ing&#048;3&#064;g&#109;ai&#108;&#046;&#099;o&#109;\" class=\"wp-block-social-link-anchor\"><svg width=\"24\" height=\"24\" viewBox=\"0 0 24 24\" version=\"1.1\" xmlns=\"http:\/\/www.w3.org\/2000\/svg\" aria-hidden=\"true\" focusable=\"false\"><path d=\"M19,5H5c-1.1,0-2,.9-2,2v10c0,1.1.9,2,2,2h14c1.1,0,2-.9,2-2V7c0-1.1-.9-2-2-2zm.5,12c0,.3-.2.5-.5.5H5c-.3,0-.5-.2-.5-.5V9.8l7.5,5.6,7.5-5.6V17zm0-9.1L12,13.6,4.5,7.9V7c0-.3.2-.5.5-.5h14c.3,0,.5.2.5.5v.9z\"><\/path><\/svg><span class=\"wp-block-social-link-label screen-reader-text\">Mail<\/span><\/a><\/li>\n\n<li class=\"wp-social-link wp-social-link-whatsapp  wp-block-social-link\"><a href=\"https:\/\/web.whatsapp.com\/send?phone=573152318303&#038;text=%C2%A1Hola!%20RYM%20Packing%20...%20%C2%BFpodr%C3%ADan%20ayudarme%3F\" class=\"wp-block-social-link-anchor\"><svg width=\"24\" height=\"24\" viewBox=\"0 0 24 24\" version=\"1.1\" xmlns=\"http:\/\/www.w3.org\/2000\/svg\" aria-hidden=\"true\" focusable=\"false\"><path d=\"M 12.011719 2 C 6.5057187 2 2.0234844 6.478375 2.0214844 11.984375 C 2.0204844 13.744375 2.4814687 15.462563 3.3554688 16.976562 L 2 22 L 7.2324219 20.763672 C 8.6914219 21.559672 10.333859 21.977516 12.005859 21.978516 L 12.009766 21.978516 C 17.514766 21.978516 21.995047 17.499141 21.998047 11.994141 C 22.000047 9.3251406 20.962172 6.8157344 19.076172 4.9277344 C 17.190172 3.0407344 14.683719 2.001 12.011719 2 z M 12.009766 4 C 14.145766 4.001 16.153109 4.8337969 17.662109 6.3417969 C 19.171109 7.8517969 20.000047 9.8581875 19.998047 11.992188 C 19.996047 16.396187 16.413812 19.978516 12.007812 19.978516 C 10.674812 19.977516 9.3544062 19.642812 8.1914062 19.007812 L 7.5175781 18.640625 L 6.7734375 18.816406 L 4.8046875 19.28125 L 5.2851562 17.496094 L 5.5019531 16.695312 L 5.0878906 15.976562 C 4.3898906 14.768562 4.0204844 13.387375 4.0214844 11.984375 C 4.0234844 7.582375 7.6067656 4 12.009766 4 z M 8.4765625 7.375 C 8.3095625 7.375 8.0395469 7.4375 7.8105469 7.6875 C 7.5815469 7.9365 6.9355469 8.5395781 6.9355469 9.7675781 C 6.9355469 10.995578 7.8300781 12.182609 7.9550781 12.349609 C 8.0790781 12.515609 9.68175 15.115234 12.21875 16.115234 C 14.32675 16.946234 14.754891 16.782234 15.212891 16.740234 C 15.670891 16.699234 16.690438 16.137687 16.898438 15.554688 C 17.106437 14.971687 17.106922 14.470187 17.044922 14.367188 C 16.982922 14.263188 16.816406 14.201172 16.566406 14.076172 C 16.317406 13.951172 15.090328 13.348625 14.861328 13.265625 C 14.632328 13.182625 14.464828 13.140625 14.298828 13.390625 C 14.132828 13.640625 13.655766 14.201187 13.509766 14.367188 C 13.363766 14.534188 13.21875 14.556641 12.96875 14.431641 C 12.71875 14.305641 11.914938 14.041406 10.960938 13.191406 C 10.218937 12.530406 9.7182656 11.714844 9.5722656 11.464844 C 9.4272656 11.215844 9.5585938 11.079078 9.6835938 10.955078 C 9.7955938 10.843078 9.9316406 10.663578 10.056641 10.517578 C 10.180641 10.371578 10.223641 10.267562 10.306641 10.101562 C 10.389641 9.9355625 10.347156 9.7890625 10.285156 9.6640625 C 10.223156 9.5390625 9.737625 8.3065 9.515625 7.8125 C 9.328625 7.3975 9.131125 7.3878594 8.953125 7.3808594 C 8.808125 7.3748594 8.6425625 7.375 8.4765625 7.375 z\"><\/path><\/svg><span class=\"wp-block-social-link-label screen-reader-text\">WhatsApp<\/span><\/a><\/li><\/ul>\n\n\n\n<div style=\"height:55px\" aria-hidden=\"true\" class=\"wp-block-spacer\"><\/div>\n\n\n\n<div class=\"wp-block-buttons is-layout-flex wp-block-buttons-is-layout-flex\"><\/div>\n\n\n\n<div class=\"wp-block-columns is-layout-flex wp-container-core-columns-is-layout-1 wp-block-columns-is-layout-flex\">\n<div class=\"wp-block-column is-layout-flow wp-block-column-is-layout-flow\"><\/div>\n\n\n\n<div class=\"wp-block-column is-layout-flow wp-block-column-is-layout-flow\"><\/div>\n\n\n\n<div class=\"wp-block-column is-layout-flow wp-block-column-is-layout-flow\">\n<div class=\"wp-block-buttons is-layout-flex wp-block-buttons-is-layout-flex\">\n<div class=\"wp-block-button is-style-outline is-style-outline--b6015492ad13b2a11a17543f09da1559\"><a class=\"wp-block-button__link wp-element-button\" href=\"https:\/\/drive.google.com\/file\/d\/1coJLE5GwfVjrMKjzvVmS57A3PSnYcFfB\/view?usp=sharing\" target=\"_blank\" rel=\"noreferrer noopener\">portafolio<\/a><\/div>\n<\/div>\n<\/div>\n<\/div>\n\n\n\n<div class=\"wp-block-group alignfull has-background is-layout-flow wp-block-group-is-layout-flow\" style=\"background-color:#e5e9ec\">\n<div class=\"wp-block-columns is-layout-flex wp-container-core-columns-is-layout-2 wp-block-columns-is-layout-flex\">\n<div class=\"wp-block-column is-vertically-aligned-top is-layout-flow wp-block-column-is-layout-flow\">\n<h2 class=\"wp-block-heading\"><mark style=\"background-color:rgba(0, 0, 0, 0);color:#3c64ac\" class=\"has-inline-color\">Nosotros<\/mark> <\/h2>\n\n\n\n<div class=\"wp-block-group is-vertical is-layout-flex wp-container-core-group-is-layout-1 wp-block-group-is-layout-flex\">\n<p class=\"has-text-align-right\">Somos una empresa dedicada a la fabricaci\u00f3n y distribuci\u00f3n de empaques para alimentos, embalaje, productos de aseo, cafeter\u00eda y papeler\u00eda, estamos consientes con el medio ambiente, incluimos una l\u00ednea exclusiva&nbsp;de elementos biodegradables,  Comprometidos con las necesidades de nuestros clientes.<\/p>\n<\/div>\n\n\n\n<div class=\"wp-block-buttons is-horizontal is-content-justification-left is-layout-flex wp-container-core-buttons-is-layout-3 wp-block-buttons-is-layout-flex\">\n<div class=\"wp-block-button is-style-outline is-style-outline--08bd56ddd0a9ba79743448c86c14a061\"><a class=\"wp-block-button__link wp-element-button\" href=\"#\">Ver m\u00e1s <\/a><\/div>\n<\/div>\n\n\n\n<p><\/p>\n<\/div>\n\n\n\n<div class=\"wp-block-column is-layout-flow wp-block-column-is-layout-flow\">\n<div style=\"height:48px\" aria-hidden=\"true\" class=\"wp-block-spacer\"><\/div>\n\n\n\n<figure class=\"wp-block-image alignwide size-full\"><img data-recalc-dims=\"1\" loading=\"lazy\" decoding=\"async\" width=\"599\" height=\"417\" src=\"https:\/\/i0.wp.com\/rympacking.com\/wp-content\/uploads\/2023\/09\/Logo-Rym.png?resize=599%2C417&#038;ssl=1\" alt=\"\" class=\"wp-image-65\" srcset=\"https:\/\/i0.wp.com\/rympacking.com\/wp-content\/uploads\/2023\/09\/Logo-Rym.png?w=599&amp;ssl=1 599w, https:\/\/i0.wp.com\/rympacking.com\/wp-content\/uploads\/2023\/09\/Logo-Rym.png?resize=300%2C209&amp;ssl=1 300w\" sizes=\"(max-width: 599px) 100vw, 599px\" \/><\/figure>\n<\/div>\n<\/div>\n<\/div>\n\n\n\n<div class=\"wp-block-group alignfull is-layout-flow wp-block-group-is-layout-flow\">\n<div class=\"wp-block-columns are-vertically-aligned-center is-layout-flex wp-container-core-columns-is-layout-3 wp-block-columns-is-layout-flex\">\n<div class=\"wp-block-column is-vertically-aligned-center is-layout-flow wp-block-column-is-layout-flow\">\n<div style=\"height:48px\" aria-hidden=\"true\" class=\"wp-block-spacer\"><\/div>\n\n\n\n<figure class=\"wp-block-image size-large\"><img data-recalc-dims=\"1\" loading=\"lazy\" decoding=\"async\" width=\"950\" height=\"950\" src=\"https:\/\/i0.wp.com\/rympacking.com\/wp-content\/uploads\/2023\/09\/1-Distribuimos_RYMPacking.png?resize=950%2C950&#038;ssl=1\" alt=\"\" class=\"wp-image-66\" srcset=\"https:\/\/i0.wp.com\/rympacking.com\/wp-content\/uploads\/2023\/09\/1-Distribuimos_RYMPacking.png?resize=1024%2C1024&amp;ssl=1 1024w, https:\/\/i0.wp.com\/rympacking.com\/wp-content\/uploads\/2023\/09\/1-Distribuimos_RYMPacking.png?resize=300%2C300&amp;ssl=1 300w, https:\/\/i0.wp.com\/rympacking.com\/wp-content\/uploads\/2023\/09\/1-Distribuimos_RYMPacking.png?resize=150%2C150&amp;ssl=1 150w, https:\/\/i0.wp.com\/rympacking.com\/wp-content\/uploads\/2023\/09\/1-Distribuimos_RYMPacking.png?resize=768%2C768&amp;ssl=1 768w, https:\/\/i0.wp.com\/rympacking.com\/wp-content\/uploads\/2023\/09\/1-Distribuimos_RYMPacking.png?w=1080&amp;ssl=1 1080w\" sizes=\"(max-width: 950px) 100vw, 950px\" \/><\/figure>\n<\/div>\n\n\n\n<div class=\"wp-block-column is-vertically-aligned-center is-layout-flow wp-block-column-is-layout-flow\">\n<h2 class=\"wp-block-heading\"><mark style=\"background-color:rgba(0, 0, 0, 0);color:#3c64ac\" class=\"has-inline-color\">Nuestra Misi\u00f3n <\/mark><\/h2>\n\n\n\n<p class=\"has-text-align-right\">Proporcionar soluciones exitosas de empaques para la industria y el comercio, distribuyendo productos de alta calidad que se adapten a las demandas de nuestros clientes.&nbsp; Promover la utilizaci\u00f3n de productos biodegradables amigables con el medio ambiente.<\/p>\n\n\n\n<div class=\"wp-block-buttons is-layout-flex wp-block-buttons-is-layout-flex\">\n<div class=\"wp-block-button is-style-outline is-style-outline--d6d9c23c9f71b0c38db90f3ba16eff4e\"><a class=\"wp-block-button__link wp-element-button\" href=\"#\">Ver m\u00e1s<\/a><\/div>\n<\/div>\n<\/div>\n<\/div>\n<\/div>\n\n\n\n<div class=\"wp-block-group alignfull has-black-background-color has-background is-layout-flow wp-block-group-is-layout-flow\">\n<h2 class=\"wp-block-heading has-text-align-center has-white-color has-text-color\"><mark style=\"background-color:rgba(0, 0, 0, 0);color:#3c64ac\" class=\"has-inline-color\"><strong>G<\/strong>ALER\u00cdA <\/mark><\/h2>\n\n\n\n<hr class=\"wp-block-separator has-alpha-channel-opacity\"\/>\n\n\n\n<figure class=\"wp-block-gallery aligncenter has-nested-images columns-default is-cropped wp-block-gallery-1 is-layout-flex wp-block-gallery-is-layout-flex\">\n<figure class=\"wp-block-image size-large is-style-rounded\"><img data-recalc-dims=\"1\" loading=\"lazy\" decoding=\"async\" width=\"950\" height=\"950\" src=\"https:\/\/i0.wp.com\/rympacking.com\/wp-content\/uploads\/2023\/09\/Plastico-Burbuja-RYM-Packing.png?resize=950%2C950&#038;ssl=1\" alt=\"\" class=\"wp-image-228\" srcset=\"https:\/\/i0.wp.com\/rympacking.com\/wp-content\/uploads\/2023\/09\/Plastico-Burbuja-RYM-Packing.png?resize=1024%2C1024&amp;ssl=1 1024w, https:\/\/i0.wp.com\/rympacking.com\/wp-content\/uploads\/2023\/09\/Plastico-Burbuja-RYM-Packing.png?resize=300%2C300&amp;ssl=1 300w, https:\/\/i0.wp.com\/rympacking.com\/wp-content\/uploads\/2023\/09\/Plastico-Burbuja-RYM-Packing.png?resize=150%2C150&amp;ssl=1 150w, https:\/\/i0.wp.com\/rympacking.com\/wp-content\/uploads\/2023\/09\/Plastico-Burbuja-RYM-Packing.png?resize=768%2C768&amp;ssl=1 768w, https:\/\/i0.wp.com\/rympacking.com\/wp-content\/uploads\/2023\/09\/Plastico-Burbuja-RYM-Packing.png?w=1080&amp;ssl=1 1080w\" sizes=\"(max-width: 950px) 100vw, 950px\" \/><\/figure>\n\n\n\n<figure class=\"wp-block-image size-large is-style-rounded\"><img data-recalc-dims=\"1\" loading=\"lazy\" decoding=\"async\" width=\"950\" height=\"950\" src=\"https:\/\/i0.wp.com\/rympacking.com\/wp-content\/uploads\/2023\/09\/Bolsas-de-Papel-Rym-Packing.png?resize=950%2C950&#038;ssl=1\" alt=\"\" class=\"wp-image-229\" srcset=\"https:\/\/i0.wp.com\/rympacking.com\/wp-content\/uploads\/2023\/09\/Bolsas-de-Papel-Rym-Packing.png?resize=1024%2C1024&amp;ssl=1 1024w, https:\/\/i0.wp.com\/rympacking.com\/wp-content\/uploads\/2023\/09\/Bolsas-de-Papel-Rym-Packing.png?resize=300%2C300&amp;ssl=1 300w, https:\/\/i0.wp.com\/rympacking.com\/wp-content\/uploads\/2023\/09\/Bolsas-de-Papel-Rym-Packing.png?resize=150%2C150&amp;ssl=1 150w, https:\/\/i0.wp.com\/rympacking.com\/wp-content\/uploads\/2023\/09\/Bolsas-de-Papel-Rym-Packing.png?resize=768%2C768&amp;ssl=1 768w, https:\/\/i0.wp.com\/rympacking.com\/wp-content\/uploads\/2023\/09\/Bolsas-de-Papel-Rym-Packing.png?w=1080&amp;ssl=1 1080w\" sizes=\"(max-width: 950px) 100vw, 950px\" \/><\/figure>\n\n\n\n<figure class=\"wp-block-image size-large is-style-rounded\"><img data-recalc-dims=\"1\" loading=\"lazy\" decoding=\"async\" width=\"950\" height=\"950\" src=\"https:\/\/i0.wp.com\/rympacking.com\/wp-content\/uploads\/2023\/09\/rym-packing-2023-1.png?resize=950%2C950&#038;ssl=1\" alt=\"\" class=\"wp-image-80\" srcset=\"https:\/\/i0.wp.com\/rympacking.com\/wp-content\/uploads\/2023\/09\/rym-packing-2023-1.png?resize=1024%2C1024&amp;ssl=1 1024w, https:\/\/i0.wp.com\/rympacking.com\/wp-content\/uploads\/2023\/09\/rym-packing-2023-1.png?resize=300%2C300&amp;ssl=1 300w, https:\/\/i0.wp.com\/rympacking.com\/wp-content\/uploads\/2023\/09\/rym-packing-2023-1.png?resize=150%2C150&amp;ssl=1 150w, https:\/\/i0.wp.com\/rympacking.com\/wp-content\/uploads\/2023\/09\/rym-packing-2023-1.png?resize=768%2C768&amp;ssl=1 768w, https:\/\/i0.wp.com\/rympacking.com\/wp-content\/uploads\/2023\/09\/rym-packing-2023-1.png?w=1080&amp;ssl=1 1080w\" sizes=\"(max-width: 950px) 100vw, 950px\" \/><\/figure>\n\n\n\n<figure class=\"wp-block-image size-large is-style-rounded\"><img data-recalc-dims=\"1\" loading=\"lazy\" decoding=\"async\" width=\"950\" height=\"950\" src=\"https:\/\/i0.wp.com\/rympacking.com\/wp-content\/uploads\/2023\/09\/Papel-Osmotico-RYM-Packing.png?resize=950%2C950&#038;ssl=1\" alt=\"\" class=\"wp-image-230\" srcset=\"https:\/\/i0.wp.com\/rympacking.com\/wp-content\/uploads\/2023\/09\/Papel-Osmotico-RYM-Packing.png?resize=1024%2C1024&amp;ssl=1 1024w, https:\/\/i0.wp.com\/rympacking.com\/wp-content\/uploads\/2023\/09\/Papel-Osmotico-RYM-Packing.png?resize=300%2C300&amp;ssl=1 300w, https:\/\/i0.wp.com\/rympacking.com\/wp-content\/uploads\/2023\/09\/Papel-Osmotico-RYM-Packing.png?resize=150%2C150&amp;ssl=1 150w, https:\/\/i0.wp.com\/rympacking.com\/wp-content\/uploads\/2023\/09\/Papel-Osmotico-RYM-Packing.png?resize=768%2C768&amp;ssl=1 768w, https:\/\/i0.wp.com\/rympacking.com\/wp-content\/uploads\/2023\/09\/Papel-Osmotico-RYM-Packing.png?w=1080&amp;ssl=1 1080w\" sizes=\"(max-width: 950px) 100vw, 950px\" \/><\/figure>\n\n\n\n<figure class=\"wp-block-image size-large is-style-rounded\"><img data-recalc-dims=\"1\" loading=\"lazy\" decoding=\"async\" width=\"950\" height=\"950\" src=\"https:\/\/i0.wp.com\/rympacking.com\/wp-content\/uploads\/2023\/09\/4-Cajas-de-Carton-RYMPacking.png?resize=950%2C950&#038;ssl=1\" alt=\"\" class=\"wp-image-71\" srcset=\"https:\/\/i0.wp.com\/rympacking.com\/wp-content\/uploads\/2023\/09\/4-Cajas-de-Carton-RYMPacking.png?resize=1024%2C1024&amp;ssl=1 1024w, https:\/\/i0.wp.com\/rympacking.com\/wp-content\/uploads\/2023\/09\/4-Cajas-de-Carton-RYMPacking.png?resize=300%2C300&amp;ssl=1 300w, https:\/\/i0.wp.com\/rympacking.com\/wp-content\/uploads\/2023\/09\/4-Cajas-de-Carton-RYMPacking.png?resize=150%2C150&amp;ssl=1 150w, https:\/\/i0.wp.com\/rympacking.com\/wp-content\/uploads\/2023\/09\/4-Cajas-de-Carton-RYMPacking.png?resize=768%2C768&amp;ssl=1 768w, https:\/\/i0.wp.com\/rympacking.com\/wp-content\/uploads\/2023\/09\/4-Cajas-de-Carton-RYMPacking.png?w=1080&amp;ssl=1 1080w\" sizes=\"(max-width: 950px) 100vw, 950px\" \/><\/figure>\n\n\n\n<figure class=\"wp-block-image size-large is-style-rounded\"><img data-recalc-dims=\"1\" loading=\"lazy\" decoding=\"async\" width=\"950\" height=\"950\" src=\"https:\/\/i0.wp.com\/rympacking.com\/wp-content\/uploads\/2023\/09\/Guantes-de-Manipulacion-Rym-Packing.png?resize=950%2C950&#038;ssl=1\" alt=\"\" class=\"wp-image-231\" srcset=\"https:\/\/i0.wp.com\/rympacking.com\/wp-content\/uploads\/2023\/09\/Guantes-de-Manipulacion-Rym-Packing.png?resize=1024%2C1024&amp;ssl=1 1024w, https:\/\/i0.wp.com\/rympacking.com\/wp-content\/uploads\/2023\/09\/Guantes-de-Manipulacion-Rym-Packing.png?resize=300%2C300&amp;ssl=1 300w, https:\/\/i0.wp.com\/rympacking.com\/wp-content\/uploads\/2023\/09\/Guantes-de-Manipulacion-Rym-Packing.png?resize=150%2C150&amp;ssl=1 150w, https:\/\/i0.wp.com\/rympacking.com\/wp-content\/uploads\/2023\/09\/Guantes-de-Manipulacion-Rym-Packing.png?resize=768%2C768&amp;ssl=1 768w, https:\/\/i0.wp.com\/rympacking.com\/wp-content\/uploads\/2023\/09\/Guantes-de-Manipulacion-Rym-Packing.png?w=1080&amp;ssl=1 1080w\" sizes=\"(max-width: 950px) 100vw, 950px\" \/><\/figure>\n<\/figure>\n<\/div>\n\n\n\n<p><\/p>\n\n\n\n<h2 class=\"wp-block-heading has-text-align-center\">Puedes ponerte en contacto con nosotros a trav\u00e9s de los siguientes medios:<\/h2>\n\n\n\n<div class=\"wp-block-columns is-layout-flex wp-container-core-columns-is-layout-4 wp-block-columns-is-layout-flex\">\n<div class=\"wp-block-column is-layout-flow wp-block-column-is-layout-flow\" style=\"flex-basis:100%\">\n<div class=\"wp-block-media-text is-stacked-on-mobile\"><figure class=\"wp-block-media-text__media\"><img data-recalc-dims=\"1\" loading=\"lazy\" decoding=\"async\" width=\"950\" height=\"950\" src=\"https:\/\/i0.wp.com\/rympacking.com\/wp-content\/uploads\/2023\/09\/Banner-rym-packing-2023-1.png?resize=950%2C950&#038;ssl=1\" alt=\"\" class=\"wp-image-239 size-full\" srcset=\"https:\/\/i0.wp.com\/rympacking.com\/wp-content\/uploads\/2023\/09\/Banner-rym-packing-2023-1.png?resize=1024%2C1024&amp;ssl=1 1024w, https:\/\/i0.wp.com\/rympacking.com\/wp-content\/uploads\/2023\/09\/Banner-rym-packing-2023-1.png?resize=300%2C300&amp;ssl=1 300w, https:\/\/i0.wp.com\/rympacking.com\/wp-content\/uploads\/2023\/09\/Banner-rym-packing-2023-1.png?resize=150%2C150&amp;ssl=1 150w, https:\/\/i0.wp.com\/rympacking.com\/wp-content\/uploads\/2023\/09\/Banner-rym-packing-2023-1.png?resize=768%2C768&amp;ssl=1 768w, https:\/\/i0.wp.com\/rympacking.com\/wp-content\/uploads\/2023\/09\/Banner-rym-packing-2023-1.png?w=1080&amp;ssl=1 1080w\" sizes=\"(max-width: 950px) 100vw, 950px\" \/><\/figure><div class=\"wp-block-media-text__content\">\n<ul class=\"wp-block-list\">\n<li>N\u00famero de tel\u00e9fono: +57 3152318303 (V\u00eda WhatsApp)<\/li>\n\n\n\n<li>N\u00famero de tel\u00e9fono: +60 1 6429587<\/li>\n\n\n\n<li>Correo electr\u00f3nico: <a href=\"mailto:rympacking03@gmail.com\">rympacking03@gmail.com<\/a><\/li>\n<\/ul>\n\n\n\n<p>Estaremos encantados de atender tus consultas y ofrecerte m\u00e1s informaci\u00f3n sobre nuestros productos y servicios. <\/p>\n\n\n\n<p>\u00a1No dudes en contactarnos!  <\/p>\n<\/div><\/div>\n\n\n\n<p><\/p>\n\n\n\n<div class=\"wp-block-buttons is-content-justification-center is-layout-flex wp-container-core-buttons-is-layout-5 wp-block-buttons-is-layout-flex\">\n<div class=\"wp-block-button\"><a class=\"wp-block-button__link wp-element-button\">CONT\u00c1CTANOS<\/a><\/div>\n<\/div>\n<\/div>\n<\/div>\n\n\n\n<hr class=\"wp-block-separator has-alpha-channel-opacity\"\/>\n","protected":false},"excerpt":{"rendered":"<p>&nbsp;Usamos productos biodegradables(contenedores, cubiertos, vasos, entre otros).&nbsp; 3152318303 (WhatsApp) &#8211; 60 1 6429587 rympacking03@gmail.com Nosotros Somos una empresa dedicada a la fabricaci\u00f3n y distribuci\u00f3n de empaques para alimentos, embalaje, productos de aseo, cafeter\u00eda y papeler\u00eda, estamos consientes con el medio ambiente, incluimos una l\u00ednea exclusiva&nbsp;de elementos biodegradables, Comprometidos con las necesidades de nuestros clientes. Nuestra &hellip; <\/p>\n<p class=\"link-more\"><a href=\"https:\/\/rympacking.com\/\" class=\"more-link\">Read more<span class=\"screen-reader-text\"> &#8220;Fabricamos y Distribuimos Productos de Embalaje de Alta Calidad para diferentes sectores productivos, (Alimentos, Aseo, Cafeter\u00eda y Papeler\u00eda)\u00a0&#8220;<\/span><\/a><\/p>\n","protected":false},"author":1,"featured_media":7,"parent":0,"menu_order":0,"comment_status":"closed","ping_status":"closed","template":"","meta":{"footnotes":""},"class_list":["post-8","page","type-page","status-publish","has-post-thumbnail","hentry"],"jetpack_sharing_enabled":true,"_links":{"self":[{"href":"https:\/\/rympacking.com\/index.php\/wp-json\/wp\/v2\/pages\/8"}],"collection":[{"href":"https:\/\/rympacking.com\/index.php\/wp-json\/wp\/v2\/pages"}],"about":[{"href":"https:\/\/rympacking.com\/index.php\/wp-json\/wp\/v2\/types\/page"}],"author":[{"embeddable":true,"href":"https:\/\/rympacking.com\/index.php\/wp-json\/wp\/v2\/users\/1"}],"replies":[{"embeddable":true,"href":"https:\/\/rympacking.com\/index.php\/wp-json\/wp\/v2\/comments?post=8"}],"version-history":[{"count":51,"href":"https:\/\/rympacking.com\/index.php\/wp-json\/wp\/v2\/pages\/8\/revisions"}],"predecessor-version":[{"id":505,"href":"https:\/\/rympacking.com\/index.php\/wp-json\/wp\/v2\/pages\/8\/revisions\/505"}],"wp:featuredmedia":[{"embeddable":true,"href":"https:\/\/rympacking.com\/index.php\/wp-json\/wp\/v2\/media\/7"}],"wp:attachment":[{"href":"https:\/\/rympacking.com\/index.php\/wp-json\/wp\/v2\/media?parent=8"}],"curies":[{"name":"wp","href":"https:\/\/api.w.org\/{rel}","templated":true}]}}